{"id":458,"date":"2021-09-29T15:58:20","date_gmt":"2021-09-29T15:58:20","guid":{"rendered":"https:\/\/www.keyboardpro.com\/en\/?page_id=458"},"modified":"2023-02-10T16:13:58","modified_gmt":"2023-02-10T16:13:58","slug":"about-us","status":"publish","type":"page","link":"https:\/\/www.keyboardpro.com\/de\/about-us\/","title":{"rendered":"\u00dcber uns"},"content":{"rendered":"<p>[vc_row row_height_percent=&#8221;0&#8243; override_padding=&#8221;yes&#8221; h_padding=&#8221;2&#8243; top_padding=&#8221;3&#8243; bottom_padding=&#8221;3&#8243; overlay_alpha=&#8221;50&#8243; gutter_size=&#8221;3&#8243; column_width_percent=&#8221;100&#8243; shift_y=&#8221;0&#8243; z_index=&#8221;0&#8243;][vc_column][vc_custom_heading heading_semantic=&#8221;h1&#8243; text_size=&#8221;h1&#8243;]\u00dcber uns[\/vc_custom_heading][vc_column_text]1991 wurde KeyboardPro in Kopenhagen mit dem Ziel gegr\u00fcndet, dass jeder die M\u00f6glichkeit<br \/>\nhaben sollte, zu lernen, wie man seine Tastatur schnell, fehlerfrei und ergonomisch korrekt<br \/>\nbedient. Das Programm hie\u00df damals SuperType und wurde f\u00fcr Windows 3.1 auf Diskette<br \/>\nentwickelt. Urspr\u00fcnglich wurde das Programm f\u00fcr den d\u00e4nischen Markt als<br \/>\nComputerschreibkurs entwickelt. Im Jahr 2000 wurde der Name von SuperType in<br \/>\nKeyboardPro ge\u00e4ndert und eine CD-ROM-Version produziert. Im Dezember 2009 wechselte<br \/>\nKeyboardPro zu 100% zu einer online-basierten Softwarel\u00f6sung.<\/p>\n<p>KeyboardPro ist das bekannteste Tastaturprogramm auf dem d\u00e4nischen Markt und wird von<br \/>\nStudenten sowohl im \u00f6ffentlichen als auch im privaten Sektor verwendet. Das Programm<br \/>\nkann auf D\u00e4nisch, Englisch und Deutsch erworben werden.<\/p>\n<p>KeyboardPro wurde im Laufe des Jahres 2021 aktualisiert und hat ein neues Design und<br \/>\nLayout. Das Programm nimmt jedoch immer noch die gleiche hohe Qualit\u00e4t der<br \/>\nergonomischen Tastaturbedienung wie zuvor, wo wir das Wohlbefinden und Lernen des<br \/>\nSch\u00fclers in den Mittelpunkt stellen.[\/vc_column_text][\/vc_column][\/vc_row][vc_row unlock_row_content=&#8221;yes&#8221; row_height_percent=&#8221;57&#8243; back_image=&#8221;466&#8243; back_repeat=&#8221;no-repeat&#8221; back_position=&#8221;center center&#8221; overlay_alpha=&#8221;50&#8243; gutter_size=&#8221;3&#8243; column_width_percent=&#8221;100&#8243; shift_y=&#8221;0&#8243; z_index=&#8221;0&#8243; back_size=&#8221;cover&#8221;][vc_column width=&#8221;1\/1&#8243;][\/vc_column][\/vc_row]<\/p>\n","protected":false},"excerpt":{"rendered":"<p>[vc_row row_height_percent=&#8221;0&#8243; override_padding=&#8221;yes&#8221; h_padding=&#8221;2&#8243; top_padding=&#8221;3&#8243; bottom_padding=&#8221;3&#8243; overlay_alpha=&#8221;50&#8243; gutter_size=&#8221;3&#8243; column_width_percent=&#8221;100&#8243; shift_y=&#8221;0&#8243; z_index=&#8221;0&#8243;][vc_column][vc_custom_heading heading_semantic=&#8221;h1&#8243; text_size=&#8221;h1&#8243;]\u00dcber uns[\/vc_custom_heading][vc_column_text]1991 wurde KeyboardPro in Kopenhagen mit dem [&hellip;]<\/p>\n","protected":false},"author":1,"featured_media":0,"parent":0,"menu_order":0,"comment_status":"closed","ping_status":"closed","template":"","meta":{"pmpro_default_level":0},"_links":{"self":[{"href":"https:\/\/www.keyboardpro.com\/de\/wp-json\/wp\/v2\/pages\/458"}],"collection":[{"href":"https:\/\/www.keyboardpro.com\/de\/wp-json\/wp\/v2\/pages"}],"about":[{"href":"https:\/\/www.keyboardpro.com\/de\/wp-json\/wp\/v2\/types\/page"}],"author":[{"embeddable":true,"href":"https:\/\/www.keyboardpro.com\/de\/wp-json\/wp\/v2\/users\/1"}],"replies":[{"embeddable":true,"href":"https:\/\/www.keyboardpro.com\/de\/wp-json\/wp\/v2\/comments?post=458"}],"version-history":[{"count":11,"href":"https:\/\/www.keyboardpro.com\/de\/wp-json\/wp\/v2\/pages\/458\/revisions"}],"predecessor-version":[{"id":1247,"href":"https:\/\/www.keyboardpro.com\/de\/wp-json\/wp\/v2\/pages\/458\/revisions\/1247"}],"wp:attachment":[{"href":"https:\/\/www.keyboardpro.com\/de\/wp-json\/wp\/v2\/media?parent=458"}],"curies":[{"name":"wp","href":"https:\/\/api.w.org\/{rel}","templated":true}]}}